{"id":1512,"date":"2021-07-13T17:20:10","date_gmt":"2021-07-13T17:20:10","guid":{"rendered":"https:\/\/www.elbcity-recycling.de\/?page_id=1512"},"modified":"2025-09-23T10:43:22","modified_gmt":"2025-09-23T10:43:22","slug":"zertifizierter-entsorgungsfachbetrieb","status":"publish","type":"page","link":"https:\/\/www.elbcity-recycling.de\/?page_id=1512","title":{"rendered":"Zertifizierter Entsorgungsfachbetrieb"},"content":{"rendered":"\n<p>Seit Juli 2021 sind wir als Entsorgungsfachbetrieb im Bereich Elektro zertifiziert und erf\u00fcllen zu 100% die Vorgaben f\u00fcr Entsorgungsfachbetriebe.<\/p>\n\n\n\n<p>Somit sind wir einen gro\u00dfen Schritt f\u00fcr die Zukunft des Betriebs voran gekommen. <br>Vielen Dank f\u00fcr die zahlreiche Unterst\u00fctzung unserer Partner und Freunde.<\/p>\n\n\n\n<p><\/p>\n\n\n\n<p>Unsere aktuellen Zertifikate zum Download finden Sie anbei:<\/p>\n\n\n\n<ul class=\"wp-block-list\">\n<li><a href=\"https:\/\/www.elbcity-recycling.de\/wp-content\/uploads\/2025\/09\/ElbCity_EFB-Zertifikat-2025.pdf\" target=\"_blank\" rel=\"noreferrer noopener\">EFB-Zertifikat<\/a> <\/li>\n\n\n\n<li><a href=\"https:\/\/www.elbcity-recycling.de\/wp-content\/uploads\/2025\/09\/EBA-EfB_KG-2025.pdf\" target=\"_blank\" rel=\"noreferrer noopener\">EFB-KG<\/a><\/li>\n<\/ul>\n\n\n\n<p><\/p>\n","protected":false},"excerpt":{"rendered":"<p>Seit Juli 2021 sind wir als Entsorgungsfachbetrieb im Bereich Elektro zertifiziert und erf\u00fcllen zu 100% die Vorgaben f\u00fcr Entsorgungsfachbetriebe. Somit sind wir einen gro\u00dfen Schritt f\u00fcr die Zukunft des Betriebs &#8230;<\/p>\n","protected":false},"author":1,"featured_media":1517,"parent":0,"menu_order":0,"comment_status":"closed","ping_status":"closed","template":"","meta":{"footnotes":""},"class_list":["post-1512","page","type-page","status-publish","has-post-thumbnail","hentry"],"yoast_head":"<!-- This site is optimized with the Yoast SEO plugin v27.5 - https:\/\/yoast.com\/product\/yoast-seo-wordpress\/ -->\n<title>Zertifizierter Entsorgungsfachbetrieb - Elbcity Recycling GmbH<\/title>\n<meta name=\"description\" content=\"zertifizierter-entsorgungsfachbetrieb, entsorgungsfachbetrieb\" \/>\n<meta name=\"robots\" content=\"index, follow, max-snippet:-1, max-image-preview:large, max-video-preview:-1\" \/>\n<link rel=\"canonical\" href=\"https:\/\/www.elbcity-recycling.de\/?page_id=1512\" \/>\n<meta property=\"og:locale\" content=\"de_DE\" \/>\n<meta property=\"og:type\" content=\"article\" \/>\n<meta property=\"og:title\" content=\"Zertifizierter Entsorgungsfachbetrieb - Elbcity Recycling GmbH\" \/>\n<meta property=\"og:description\" content=\"zertifizierter-entsorgungsfachbetrieb, entsorgungsfachbetrieb\" \/>\n<meta property=\"og:url\" content=\"https:\/\/www.elbcity-recycling.de\/?page_id=1512\" \/>\n<meta property=\"og:site_name\" content=\"Elbcity Recycling GmbH\" \/>\n<meta property=\"article:publisher\" content=\"https:\/\/www.facebook.com\/ElbCityRecycling\" \/>\n<meta property=\"article:modified_time\" content=\"2025-09-23T10:43:22+00:00\" \/>\n<meta property=\"og:image\" content=\"https:\/\/www.elbcity-recycling.de\/wp-content\/uploads\/2021\/07\/Entsorgungsfachbetrieb.png\" \/>\n\t<meta property=\"og:image:width\" content=\"281\" \/>\n\t<meta property=\"og:image:height\" content=\"177\" \/>\n\t<meta property=\"og:image:type\" content=\"image\/png\" \/>\n<meta name=\"twitter:card\" content=\"summary_large_image\" \/>\n<meta name=\"twitter:label1\" content=\"Gesch\u00e4tzte Lesezeit\" \/>\n\t<meta name=\"twitter:data1\" content=\"1\u00a0Minute\" \/>\n<script type=\"application\/ld+json\" class=\"yoast-schema-graph\">{\"@context\":\"https:\\\/\\\/schema.org\",\"@graph\":[{\"@type\":\"WebPage\",\"@id\":\"https:\\\/\\\/www.elbcity-recycling.de\\\/?page_id=1512\",\"url\":\"https:\\\/\\\/www.elbcity-recycling.de\\\/?page_id=1512\",\"name\":\"Zertifizierter Entsorgungsfachbetrieb - Elbcity Recycling GmbH\",\"isPartOf\":{\"@id\":\"https:\\\/\\\/www.elbcity-recycling.de\\\/#website\"},\"primaryImageOfPage\":{\"@id\":\"https:\\\/\\\/www.elbcity-recycling.de\\\/?page_id=1512#primaryimage\"},\"image\":{\"@id\":\"https:\\\/\\\/www.elbcity-recycling.de\\\/?page_id=1512#primaryimage\"},\"thumbnailUrl\":\"https:\\\/\\\/www.elbcity-recycling.de\\\/wp-content\\\/uploads\\\/2021\\\/07\\\/Entsorgungsfachbetrieb.png\",\"datePublished\":\"2021-07-13T17:20:10+00:00\",\"dateModified\":\"2025-09-23T10:43:22+00:00\",\"description\":\"zertifizierter-entsorgungsfachbetrieb, entsorgungsfachbetrieb\",\"breadcrumb\":{\"@id\":\"https:\\\/\\\/www.elbcity-recycling.de\\\/?page_id=1512#breadcrumb\"},\"inLanguage\":\"de\",\"potentialAction\":[{\"@type\":\"ReadAction\",\"target\":[\"https:\\\/\\\/www.elbcity-recycling.de\\\/?page_id=1512\"]}]},{\"@type\":\"ImageObject\",\"inLanguage\":\"de\",\"@id\":\"https:\\\/\\\/www.elbcity-recycling.de\\\/?page_id=1512#primaryimage\",\"url\":\"https:\\\/\\\/www.elbcity-recycling.de\\\/wp-content\\\/uploads\\\/2021\\\/07\\\/Entsorgungsfachbetrieb.png\",\"contentUrl\":\"https:\\\/\\\/www.elbcity-recycling.de\\\/wp-content\\\/uploads\\\/2021\\\/07\\\/Entsorgungsfachbetrieb.png\",\"width\":281,\"height\":177,\"caption\":\"Entsorgungsfachbetrieb\"},{\"@type\":\"BreadcrumbList\",\"@id\":\"https:\\\/\\\/www.elbcity-recycling.de\\\/?page_id=1512#breadcrumb\",\"itemListElement\":[{\"@type\":\"ListItem\",\"position\":1,\"name\":\"Startseite\",\"item\":\"https:\\\/\\\/www.elbcity-recycling.de\\\/\"},{\"@type\":\"ListItem\",\"position\":2,\"name\":\"Zertifizierter Entsorgungsfachbetrieb\"}]},{\"@type\":\"WebSite\",\"@id\":\"https:\\\/\\\/www.elbcity-recycling.de\\\/#website\",\"url\":\"https:\\\/\\\/www.elbcity-recycling.de\\\/\",\"name\":\"Elbcity Recycling\",\"description\":\"\",\"publisher\":{\"@id\":\"https:\\\/\\\/www.elbcity-recycling.de\\\/#organization\"},\"potentialAction\":[{\"@type\":\"SearchAction\",\"target\":{\"@type\":\"EntryPoint\",\"urlTemplate\":\"https:\\\/\\\/www.elbcity-recycling.de\\\/?s={search_term_string}\"},\"query-input\":{\"@type\":\"PropertyValueSpecification\",\"valueRequired\":true,\"valueName\":\"search_term_string\"}}],\"inLanguage\":\"de\"},{\"@type\":\"Organization\",\"@id\":\"https:\\\/\\\/www.elbcity-recycling.de\\\/#organization\",\"name\":\"ElbCity Recycling by Sven Hoffmann\",\"url\":\"https:\\\/\\\/www.elbcity-recycling.de\\\/\",\"logo\":{\"@type\":\"ImageObject\",\"inLanguage\":\"de\",\"@id\":\"https:\\\/\\\/www.elbcity-recycling.de\\\/#\\\/schema\\\/logo\\\/image\\\/\",\"url\":\"https:\\\/\\\/www.elbcity-recycling.de\\\/wp-content\\\/uploads\\\/2020\\\/08\\\/logo_elbcity_recycling_quer_klein-1.png\",\"contentUrl\":\"https:\\\/\\\/www.elbcity-recycling.de\\\/wp-content\\\/uploads\\\/2020\\\/08\\\/logo_elbcity_recycling_quer_klein-1.png\",\"width\":604,\"height\":162,\"caption\":\"ElbCity Recycling by Sven Hoffmann\"},\"image\":{\"@id\":\"https:\\\/\\\/www.elbcity-recycling.de\\\/#\\\/schema\\\/logo\\\/image\\\/\"},\"sameAs\":[\"https:\\\/\\\/www.facebook.com\\\/ElbCityRecycling\"]}]}<\/script>\n<!-- \/ Yoast SEO plugin. -->","yoast_head_json":{"title":"Zertifizierter Entsorgungsfachbetrieb - Elbcity Recycling GmbH","description":"zertifizierter-entsorgungsfachbetrieb, entsorgungsfachbetrieb","robots":{"index":"index","follow":"follow","max-snippet":"max-snippet:-1","max-image-preview":"max-image-preview:large","max-video-preview":"max-video-preview:-1"},"canonical":"https:\/\/www.elbcity-recycling.de\/?page_id=1512","og_locale":"de_DE","og_type":"article","og_title":"Zertifizierter Entsorgungsfachbetrieb - Elbcity Recycling GmbH","og_description":"zertifizierter-entsorgungsfachbetrieb, entsorgungsfachbetrieb","og_url":"https:\/\/www.elbcity-recycling.de\/?page_id=1512","og_site_name":"Elbcity Recycling GmbH","article_publisher":"https:\/\/www.facebook.com\/ElbCityRecycling","article_modified_time":"2025-09-23T10:43:22+00:00","og_image":[{"width":281,"height":177,"url":"https:\/\/www.elbcity-recycling.de\/wp-content\/uploads\/2021\/07\/Entsorgungsfachbetrieb.png","type":"image\/png"}],"twitter_card":"summary_large_image","twitter_misc":{"Gesch\u00e4tzte Lesezeit":"1\u00a0Minute"},"schema":{"@context":"https:\/\/schema.org","@graph":[{"@type":"WebPage","@id":"https:\/\/www.elbcity-recycling.de\/?page_id=1512","url":"https:\/\/www.elbcity-recycling.de\/?page_id=1512","name":"Zertifizierter Entsorgungsfachbetrieb - Elbcity Recycling GmbH","isPartOf":{"@id":"https:\/\/www.elbcity-recycling.de\/#website"},"primaryImageOfPage":{"@id":"https:\/\/www.elbcity-recycling.de\/?page_id=1512#primaryimage"},"image":{"@id":"https:\/\/www.elbcity-recycling.de\/?page_id=1512#primaryimage"},"thumbnailUrl":"https:\/\/www.elbcity-recycling.de\/wp-content\/uploads\/2021\/07\/Entsorgungsfachbetrieb.png","datePublished":"2021-07-13T17:20:10+00:00","dateModified":"2025-09-23T10:43:22+00:00","description":"zertifizierter-entsorgungsfachbetrieb, entsorgungsfachbetrieb","breadcrumb":{"@id":"https:\/\/www.elbcity-recycling.de\/?page_id=1512#breadcrumb"},"inLanguage":"de","potentialAction":[{"@type":"ReadAction","target":["https:\/\/www.elbcity-recycling.de\/?page_id=1512"]}]},{"@type":"ImageObject","inLanguage":"de","@id":"https:\/\/www.elbcity-recycling.de\/?page_id=1512#primaryimage","url":"https:\/\/www.elbcity-recycling.de\/wp-content\/uploads\/2021\/07\/Entsorgungsfachbetrieb.png","contentUrl":"https:\/\/www.elbcity-recycling.de\/wp-content\/uploads\/2021\/07\/Entsorgungsfachbetrieb.png","width":281,"height":177,"caption":"Entsorgungsfachbetrieb"},{"@type":"BreadcrumbList","@id":"https:\/\/www.elbcity-recycling.de\/?page_id=1512#breadcrumb","itemListElement":[{"@type":"ListItem","position":1,"name":"Startseite","item":"https:\/\/www.elbcity-recycling.de\/"},{"@type":"ListItem","position":2,"name":"Zertifizierter Entsorgungsfachbetrieb"}]},{"@type":"WebSite","@id":"https:\/\/www.elbcity-recycling.de\/#website","url":"https:\/\/www.elbcity-recycling.de\/","name":"Elbcity Recycling","description":"","publisher":{"@id":"https:\/\/www.elbcity-recycling.de\/#organization"},"potentialAction":[{"@type":"SearchAction","target":{"@type":"EntryPoint","urlTemplate":"https:\/\/www.elbcity-recycling.de\/?s={search_term_string}"},"query-input":{"@type":"PropertyValueSpecification","valueRequired":true,"valueName":"search_term_string"}}],"inLanguage":"de"},{"@type":"Organization","@id":"https:\/\/www.elbcity-recycling.de\/#organization","name":"ElbCity Recycling by Sven Hoffmann","url":"https:\/\/www.elbcity-recycling.de\/","logo":{"@type":"ImageObject","inLanguage":"de","@id":"https:\/\/www.elbcity-recycling.de\/#\/schema\/logo\/image\/","url":"https:\/\/www.elbcity-recycling.de\/wp-content\/uploads\/2020\/08\/logo_elbcity_recycling_quer_klein-1.png","contentUrl":"https:\/\/www.elbcity-recycling.de\/wp-content\/uploads\/2020\/08\/logo_elbcity_recycling_quer_klein-1.png","width":604,"height":162,"caption":"ElbCity Recycling by Sven Hoffmann"},"image":{"@id":"https:\/\/www.elbcity-recycling.de\/#\/schema\/logo\/image\/"},"sameAs":["https:\/\/www.facebook.com\/ElbCityRecycling"]}]}},"_links":{"self":[{"href":"https:\/\/www.elbcity-recycling.de\/index.php?rest_route=\/wp\/v2\/pages\/1512","targetHints":{"allow":["GET"]}}],"collection":[{"href":"https:\/\/www.elbcity-recycling.de\/index.php?rest_route=\/wp\/v2\/pages"}],"about":[{"href":"https:\/\/www.elbcity-recycling.de\/index.php?rest_route=\/wp\/v2\/types\/page"}],"author":[{"embeddable":true,"href":"https:\/\/www.elbcity-recycling.de\/index.php?rest_route=\/wp\/v2\/users\/1"}],"replies":[{"embeddable":true,"href":"https:\/\/www.elbcity-recycling.de\/index.php?rest_route=%2Fwp%2Fv2%2Fcomments&post=1512"}],"version-history":[{"count":11,"href":"https:\/\/www.elbcity-recycling.de\/index.php?rest_route=\/wp\/v2\/pages\/1512\/revisions"}],"predecessor-version":[{"id":1594,"href":"https:\/\/www.elbcity-recycling.de\/index.php?rest_route=\/wp\/v2\/pages\/1512\/revisions\/1594"}],"wp:featuredmedia":[{"embeddable":true,"href":"https:\/\/www.elbcity-recycling.de\/index.php?rest_route=\/wp\/v2\/media\/1517"}],"wp:attachment":[{"href":"https:\/\/www.elbcity-recycling.de\/index.php?rest_route=%2Fwp%2Fv2%2Fmedia&parent=1512"}],"curies":[{"name":"wp","href":"https:\/\/api.w.org\/{rel}","templated":true}]}}