{"id":1476,"date":"2020-08-26T19:14:21","date_gmt":"2020-08-26T19:14:21","guid":{"rendered":"http:\/\/neu.elbcity-recycling.de\/?page_id=1476"},"modified":"2020-08-26T19:14:21","modified_gmt":"2020-08-26T19:14:21","slug":"impressum","status":"publish","type":"page","link":"https:\/\/www.elbcity-recycling.de\/?page_id=1476","title":{"rendered":"Impressum"},"content":{"rendered":"\n<div class=\"impressum__imprint-container\"><dl><dt>Name<\/dt><dd>ElbCity Recycling GmbH<\/dd><dt>Adresse<\/dt><dd>Im Hegen 3<br \/>\r\n22113 Oststeinbek<\/dd><dt>E-Mail-Adresse<\/dt><dd><a href=\"mai&#108;&#116;&#111;&#x3a;&#x69;&#x6e;&#x66;&#x6f;&#x40;elb&#99;&#105;&#116;&#121;&#x2d;&#x72;&#x65;&#x63;&#x79;&#x63;lin&#103;&#46;&#100;&#x65;\">&#x69;&#x6e;&#x66;&#x6f;&#x40;&#x65;&#108;&#98;&#99;&#105;ty-r&#x65;&#x63;&#x79;&#x63;&#x6c;&#x69;&#110;&#103;&#46;&#100;&#101;<\/a><\/dd><dt>Telefon<\/dt><dd>040 \/ 72 00 86 39<\/dd><dt>Fax<\/dt><dd>040 \/ 72 00 88 27<\/dd><dt>Umsatzsteuer-ID<\/dt><dd>DE454546145<\/dd><\/dl><\/div>\n\n\n\n<p><strong>Haftung f\u00fcr Links<\/strong><\/p>\n\n\n\n<p>Unser Angebot enth\u00e4lt Links zu externen Websites Dritter, auf deren Inhalte\nwir keinen Einfluss haben. Deshalb k\u00f6nnen wir f\u00fcr diese fremden Inhalte auch\nkeine Gew\u00e4hr \u00fcbernehmen. F\u00fcr die Inhalte der verlinkten Seiten ist stets der\njeweilige Anbieter oder Betreiber der Seiten verantwortlich. Die verlinkten\nSeiten wurden zum Zeitpunkt der Verlinkung auf m\u00f6gliche Rechtsverst\u00f6\u00dfe\n\u00fcberpr\u00fcft. Rechtswidrige Inhalte waren zum Zeitpunkt der Verlinkung nicht\nerkennbar.<\/p>\n\n\n\n<p>Eine permanente inhaltliche Kontrolle der verlinkten Seiten ist jedoch ohne\nkonkrete Anhaltspunkte einer Rechtsverletzung nicht zumutbar. Bei Bekanntwerden\nvon Rechtsverletzungen werden wir derartige Links umgehend entfernen.<\/p>\n\n\n\n<p><strong>Urheberrecht<\/strong><\/p>\n\n\n\n<p>Die durch die Seitenbetreiber erstellten Inhalte und Werke auf diesen\nSeiten unterliegen dem deutschen Urheberrecht. Die Vervielf\u00e4ltigung,\nBearbeitung, Verbreitung und jede Art der Verwertung au\u00dferhalb der Grenzen des\nUrheberrechtes bed\u00fcrfen der schriftlichen Zustimmung des jeweiligen Autors bzw.\nErstellers. Downloads und Kopien dieser Seite sind nur f\u00fcr den privaten, nicht\nkommerziellen Gebrauch gestattet.<\/p>\n\n\n\n<p>Soweit die Inhalte auf dieser Seite nicht vom Betreiber erstellt wurden,\nwerden die Urheberrechte Dritter beachtet. Insbesondere werden Inhalte Dritter\nals solche gekennzeichnet. Sollten Sie trotzdem auf eine\nUrheberrechtsverletzung aufmerksam werden, bitten wir um einen entsprechenden\nHinweis. Bei Bekanntwerden von Rechtsverletzungen werden wir derartige Inhalte\numgehend entfernen.<\/p>\n","protected":false},"excerpt":{"rendered":"<p>Haftung f\u00fcr Links Unser Angebot enth\u00e4lt Links zu externen Websites Dritter, auf deren Inhalte wir keinen Einfluss haben. Deshalb k\u00f6nnen wir f\u00fcr diese fremden Inhalte auch keine Gew\u00e4hr \u00fcbernehmen. F\u00fcr &#8230;<\/p>\n","protected":false},"author":1,"featured_media":0,"parent":0,"menu_order":0,"comment_status":"closed","ping_status":"closed","template":"","meta":{"footnotes":""},"class_list":["post-1476","page","type-page","status-publish","hentry"],"yoast_head":"<!-- This site is optimized with the Yoast SEO plugin v27.5 - https:\/\/yoast.com\/product\/yoast-seo-wordpress\/ -->\n<title>Impressum - Elbcity Recycling GmbH<\/title>\n<meta name=\"robots\" content=\"index, follow, max-snippet:-1, max-image-preview:large, max-video-preview:-1\" \/>\n<link rel=\"canonical\" href=\"https:\/\/www.elbcity-recycling.de\/?page_id=1476\" \/>\n<meta property=\"og:locale\" content=\"de_DE\" \/>\n<meta property=\"og:type\" content=\"article\" \/>\n<meta property=\"og:title\" content=\"Impressum - Elbcity Recycling GmbH\" \/>\n<meta property=\"og:description\" content=\"Haftung f\u00fcr Links Unser Angebot enth\u00e4lt Links zu externen Websites Dritter, auf deren Inhalte wir keinen Einfluss haben. Deshalb k\u00f6nnen wir f\u00fcr diese fremden Inhalte auch keine Gew\u00e4hr \u00fcbernehmen. F\u00fcr ...\" \/>\n<meta property=\"og:url\" content=\"https:\/\/www.elbcity-recycling.de\/?page_id=1476\" \/>\n<meta property=\"og:site_name\" content=\"Elbcity Recycling GmbH\" \/>\n<meta property=\"article:publisher\" content=\"https:\/\/www.facebook.com\/ElbCityRecycling\" \/>\n<meta name=\"twitter:card\" content=\"summary_large_image\" \/>\n<meta name=\"twitter:label1\" content=\"Gesch\u00e4tzte Lesezeit\" \/>\n\t<meta name=\"twitter:data1\" content=\"1\u00a0Minute\" \/>\n<script type=\"application\/ld+json\" class=\"yoast-schema-graph\">{\"@context\":\"https:\\\/\\\/schema.org\",\"@graph\":[{\"@type\":\"WebPage\",\"@id\":\"https:\\\/\\\/www.elbcity-recycling.de\\\/?page_id=1476\",\"url\":\"https:\\\/\\\/www.elbcity-recycling.de\\\/?page_id=1476\",\"name\":\"Impressum - Elbcity Recycling GmbH\",\"isPartOf\":{\"@id\":\"https:\\\/\\\/www.elbcity-recycling.de\\\/#website\"},\"datePublished\":\"2020-08-26T19:14:21+00:00\",\"breadcrumb\":{\"@id\":\"https:\\\/\\\/www.elbcity-recycling.de\\\/?page_id=1476#breadcrumb\"},\"inLanguage\":\"de\",\"potentialAction\":[{\"@type\":\"ReadAction\",\"target\":[\"https:\\\/\\\/www.elbcity-recycling.de\\\/?page_id=1476\"]}]},{\"@type\":\"BreadcrumbList\",\"@id\":\"https:\\\/\\\/www.elbcity-recycling.de\\\/?page_id=1476#breadcrumb\",\"itemListElement\":[{\"@type\":\"ListItem\",\"position\":1,\"name\":\"Startseite\",\"item\":\"https:\\\/\\\/www.elbcity-recycling.de\\\/\"},{\"@type\":\"ListItem\",\"position\":2,\"name\":\"Impressum\"}]},{\"@type\":\"WebSite\",\"@id\":\"https:\\\/\\\/www.elbcity-recycling.de\\\/#website\",\"url\":\"https:\\\/\\\/www.elbcity-recycling.de\\\/\",\"name\":\"Elbcity Recycling\",\"description\":\"\",\"publisher\":{\"@id\":\"https:\\\/\\\/www.elbcity-recycling.de\\\/#organization\"},\"potentialAction\":[{\"@type\":\"SearchAction\",\"target\":{\"@type\":\"EntryPoint\",\"urlTemplate\":\"https:\\\/\\\/www.elbcity-recycling.de\\\/?s={search_term_string}\"},\"query-input\":{\"@type\":\"PropertyValueSpecification\",\"valueRequired\":true,\"valueName\":\"search_term_string\"}}],\"inLanguage\":\"de\"},{\"@type\":\"Organization\",\"@id\":\"https:\\\/\\\/www.elbcity-recycling.de\\\/#organization\",\"name\":\"ElbCity Recycling by Sven Hoffmann\",\"url\":\"https:\\\/\\\/www.elbcity-recycling.de\\\/\",\"logo\":{\"@type\":\"ImageObject\",\"inLanguage\":\"de\",\"@id\":\"https:\\\/\\\/www.elbcity-recycling.de\\\/#\\\/schema\\\/logo\\\/image\\\/\",\"url\":\"https:\\\/\\\/www.elbcity-recycling.de\\\/wp-content\\\/uploads\\\/2020\\\/08\\\/logo_elbcity_recycling_quer_klein-1.png\",\"contentUrl\":\"https:\\\/\\\/www.elbcity-recycling.de\\\/wp-content\\\/uploads\\\/2020\\\/08\\\/logo_elbcity_recycling_quer_klein-1.png\",\"width\":604,\"height\":162,\"caption\":\"ElbCity Recycling by Sven Hoffmann\"},\"image\":{\"@id\":\"https:\\\/\\\/www.elbcity-recycling.de\\\/#\\\/schema\\\/logo\\\/image\\\/\"},\"sameAs\":[\"https:\\\/\\\/www.facebook.com\\\/ElbCityRecycling\"]}]}<\/script>\n<!-- \/ Yoast SEO plugin. -->","yoast_head_json":{"title":"Impressum - Elbcity Recycling GmbH","robots":{"index":"index","follow":"follow","max-snippet":"max-snippet:-1","max-image-preview":"max-image-preview:large","max-video-preview":"max-video-preview:-1"},"canonical":"https:\/\/www.elbcity-recycling.de\/?page_id=1476","og_locale":"de_DE","og_type":"article","og_title":"Impressum - Elbcity Recycling GmbH","og_description":"Haftung f\u00fcr Links Unser Angebot enth\u00e4lt Links zu externen Websites Dritter, auf deren Inhalte wir keinen Einfluss haben. Deshalb k\u00f6nnen wir f\u00fcr diese fremden Inhalte auch keine Gew\u00e4hr \u00fcbernehmen. F\u00fcr ...","og_url":"https:\/\/www.elbcity-recycling.de\/?page_id=1476","og_site_name":"Elbcity Recycling GmbH","article_publisher":"https:\/\/www.facebook.com\/ElbCityRecycling","twitter_card":"summary_large_image","twitter_misc":{"Gesch\u00e4tzte Lesezeit":"1\u00a0Minute"},"schema":{"@context":"https:\/\/schema.org","@graph":[{"@type":"WebPage","@id":"https:\/\/www.elbcity-recycling.de\/?page_id=1476","url":"https:\/\/www.elbcity-recycling.de\/?page_id=1476","name":"Impressum - Elbcity Recycling GmbH","isPartOf":{"@id":"https:\/\/www.elbcity-recycling.de\/#website"},"datePublished":"2020-08-26T19:14:21+00:00","breadcrumb":{"@id":"https:\/\/www.elbcity-recycling.de\/?page_id=1476#breadcrumb"},"inLanguage":"de","potentialAction":[{"@type":"ReadAction","target":["https:\/\/www.elbcity-recycling.de\/?page_id=1476"]}]},{"@type":"BreadcrumbList","@id":"https:\/\/www.elbcity-recycling.de\/?page_id=1476#breadcrumb","itemListElement":[{"@type":"ListItem","position":1,"name":"Startseite","item":"https:\/\/www.elbcity-recycling.de\/"},{"@type":"ListItem","position":2,"name":"Impressum"}]},{"@type":"WebSite","@id":"https:\/\/www.elbcity-recycling.de\/#website","url":"https:\/\/www.elbcity-recycling.de\/","name":"Elbcity Recycling","description":"","publisher":{"@id":"https:\/\/www.elbcity-recycling.de\/#organization"},"potentialAction":[{"@type":"SearchAction","target":{"@type":"EntryPoint","urlTemplate":"https:\/\/www.elbcity-recycling.de\/?s={search_term_string}"},"query-input":{"@type":"PropertyValueSpecification","valueRequired":true,"valueName":"search_term_string"}}],"inLanguage":"de"},{"@type":"Organization","@id":"https:\/\/www.elbcity-recycling.de\/#organization","name":"ElbCity Recycling by Sven Hoffmann","url":"https:\/\/www.elbcity-recycling.de\/","logo":{"@type":"ImageObject","inLanguage":"de","@id":"https:\/\/www.elbcity-recycling.de\/#\/schema\/logo\/image\/","url":"https:\/\/www.elbcity-recycling.de\/wp-content\/uploads\/2020\/08\/logo_elbcity_recycling_quer_klein-1.png","contentUrl":"https:\/\/www.elbcity-recycling.de\/wp-content\/uploads\/2020\/08\/logo_elbcity_recycling_quer_klein-1.png","width":604,"height":162,"caption":"ElbCity Recycling by Sven Hoffmann"},"image":{"@id":"https:\/\/www.elbcity-recycling.de\/#\/schema\/logo\/image\/"},"sameAs":["https:\/\/www.facebook.com\/ElbCityRecycling"]}]}},"_links":{"self":[{"href":"https:\/\/www.elbcity-recycling.de\/index.php?rest_route=\/wp\/v2\/pages\/1476","targetHints":{"allow":["GET"]}}],"collection":[{"href":"https:\/\/www.elbcity-recycling.de\/index.php?rest_route=\/wp\/v2\/pages"}],"about":[{"href":"https:\/\/www.elbcity-recycling.de\/index.php?rest_route=\/wp\/v2\/types\/page"}],"author":[{"embeddable":true,"href":"https:\/\/www.elbcity-recycling.de\/index.php?rest_route=\/wp\/v2\/users\/1"}],"replies":[{"embeddable":true,"href":"https:\/\/www.elbcity-recycling.de\/index.php?rest_route=%2Fwp%2Fv2%2Fcomments&post=1476"}],"version-history":[{"count":1,"href":"https:\/\/www.elbcity-recycling.de\/index.php?rest_route=\/wp\/v2\/pages\/1476\/revisions"}],"predecessor-version":[{"id":1477,"href":"https:\/\/www.elbcity-recycling.de\/index.php?rest_route=\/wp\/v2\/pages\/1476\/revisions\/1477"}],"wp:attachment":[{"href":"https:\/\/www.elbcity-recycling.de\/index.php?rest_route=%2Fwp%2Fv2%2Fmedia&parent=1476"}],"curies":[{"name":"wp","href":"https:\/\/api.w.org\/{rel}","templated":true}]}}