{"id":1470,"date":"2020-08-26T19:11:16","date_gmt":"2020-08-26T19:11:16","guid":{"rendered":"http:\/\/neu.elbcity-recycling.de\/?page_id=1470"},"modified":"2020-08-26T19:11:17","modified_gmt":"2020-08-26T19:11:17","slug":"warum-das","status":"publish","type":"page","link":"https:\/\/www.elbcity-recycling.de\/?page_id=1470","title":{"rendered":"Warum das ?"},"content":{"rendered":"\n<p class=\"has-medium-font-size\"><strong>Wiederverwendung vor Zerst\u00f6rung<\/strong> <\/p>\n\n\n\n<p>In den letzten Jahrzehnten ist eine Wegwerfgesellschaft entstanden die ungeahnte Ausma\u00dfe angenommen hat. Dieses liegt nat\u00fcrlich am technischen Fortschritt. Monitor zu klein, PC zu langsam, Receiver veraltet, all diese Dinge werden einfach ersetzt und die Alten vernichtet.<br>Das alles muss nicht in diesem Ablauf geschehen zu mindest nicht direkt. Wiederverwendung vor Zerst\u00f6rung, das sollte die Priorit\u00e4t sein.<br>Alle sprechen vom Umweltschutz, aber nur wenige Leben diesen Gedanken wirklich.<\/p>\n\n\n\n<p>Erneuerbare Energie? Nehmen wir Solaranlagen, vor Jahren sind 1000m2 mit riesigen Feldern davon aufgebaut worden. Heute sind diese Modelle veraltet und bringen nicht mehr ihre Leistung, zumindest nicht hier bei uns in Europa da wir eine zu geringe Sonnenscheindauer haben. Warum diese Felder nicht erneut aufbauen in den L\u00e4ndern wo es Sonne ohne Ende gibt? Aber nein, die meisten werden vernichtet. Viele der Komponenten sind aber nicht recyclingf\u00e4hig, also landen diese auf Sonderdeponien oder werden einfach verbrannt. Dazu kommt das die Herstellung der Solaranlagen Unmengen an Recourcen und Energie verbrauchen, wir drehen uns also im Kreis.&nbsp;<\/p>\n\n\n\n<p>Das Beispiel Solaranlagen l\u00e4sst sich auf alle Bereiche beziehen: Handys, Fernseher, Monitore, PC\u00b4s<\/p>\n","protected":false},"excerpt":{"rendered":"<p>Wiederverwendung vor Zerst\u00f6rung In den letzten Jahrzehnten ist eine Wegwerfgesellschaft entstanden die ungeahnte Ausma\u00dfe angenommen hat. Dieses liegt nat\u00fcrlich am technischen Fortschritt. Monitor zu klein, PC zu langsam, Receiver veraltet, &#8230;<\/p>\n","protected":false},"author":1,"featured_media":1452,"parent":0,"menu_order":0,"comment_status":"closed","ping_status":"closed","template":"","meta":{"footnotes":""},"class_list":["post-1470","page","type-page","status-publish","has-post-thumbnail","hentry"],"yoast_head":"<!-- This site is optimized with the Yoast SEO plugin v27.5 - https:\/\/yoast.com\/product\/yoast-seo-wordpress\/ -->\n<title>Warum das ? - Elbcity Recycling GmbH<\/title>\n<meta name=\"robots\" content=\"index, follow, max-snippet:-1, max-image-preview:large, max-video-preview:-1\" \/>\n<link rel=\"canonical\" href=\"https:\/\/www.elbcity-recycling.de\/?page_id=1470\" \/>\n<meta property=\"og:locale\" content=\"de_DE\" \/>\n<meta property=\"og:type\" content=\"article\" \/>\n<meta property=\"og:title\" content=\"Warum das ? - Elbcity Recycling GmbH\" \/>\n<meta property=\"og:description\" content=\"Wiederverwendung vor Zerst\u00f6rung In den letzten Jahrzehnten ist eine Wegwerfgesellschaft entstanden die ungeahnte Ausma\u00dfe angenommen hat. Dieses liegt nat\u00fcrlich am technischen Fortschritt. Monitor zu klein, PC zu langsam, Receiver veraltet, ...\" \/>\n<meta property=\"og:url\" content=\"https:\/\/www.elbcity-recycling.de\/?page_id=1470\" \/>\n<meta property=\"og:site_name\" content=\"Elbcity Recycling GmbH\" \/>\n<meta property=\"article:publisher\" content=\"https:\/\/www.facebook.com\/ElbCityRecycling\" \/>\n<meta property=\"article:modified_time\" content=\"2020-08-26T19:11:17+00:00\" \/>\n<meta property=\"og:image\" content=\"https:\/\/www.elbcity-recycling.de\/wp-content\/uploads\/2020\/08\/shutterstock_332364497-scaled.jpg\" \/>\n\t<meta property=\"og:image:width\" content=\"2560\" \/>\n\t<meta property=\"og:image:height\" content=\"1707\" \/>\n\t<meta property=\"og:image:type\" content=\"image\/jpeg\" \/>\n<meta name=\"twitter:card\" content=\"summary_large_image\" \/>\n<meta name=\"twitter:label1\" content=\"Gesch\u00e4tzte Lesezeit\" \/>\n\t<meta name=\"twitter:data1\" content=\"1\u00a0Minute\" \/>\n<script type=\"application\/ld+json\" class=\"yoast-schema-graph\">{\"@context\":\"https:\\\/\\\/schema.org\",\"@graph\":[{\"@type\":\"WebPage\",\"@id\":\"https:\\\/\\\/www.elbcity-recycling.de\\\/?page_id=1470\",\"url\":\"https:\\\/\\\/www.elbcity-recycling.de\\\/?page_id=1470\",\"name\":\"Warum das ? - Elbcity Recycling GmbH\",\"isPartOf\":{\"@id\":\"https:\\\/\\\/www.elbcity-recycling.de\\\/#website\"},\"primaryImageOfPage\":{\"@id\":\"https:\\\/\\\/www.elbcity-recycling.de\\\/?page_id=1470#primaryimage\"},\"image\":{\"@id\":\"https:\\\/\\\/www.elbcity-recycling.de\\\/?page_id=1470#primaryimage\"},\"thumbnailUrl\":\"https:\\\/\\\/www.elbcity-recycling.de\\\/wp-content\\\/uploads\\\/2020\\\/08\\\/shutterstock_332364497-scaled.jpg\",\"datePublished\":\"2020-08-26T19:11:16+00:00\",\"dateModified\":\"2020-08-26T19:11:17+00:00\",\"breadcrumb\":{\"@id\":\"https:\\\/\\\/www.elbcity-recycling.de\\\/?page_id=1470#breadcrumb\"},\"inLanguage\":\"de\",\"potentialAction\":[{\"@type\":\"ReadAction\",\"target\":[\"https:\\\/\\\/www.elbcity-recycling.de\\\/?page_id=1470\"]}]},{\"@type\":\"ImageObject\",\"inLanguage\":\"de\",\"@id\":\"https:\\\/\\\/www.elbcity-recycling.de\\\/?page_id=1470#primaryimage\",\"url\":\"https:\\\/\\\/www.elbcity-recycling.de\\\/wp-content\\\/uploads\\\/2020\\\/08\\\/shutterstock_332364497-scaled.jpg\",\"contentUrl\":\"https:\\\/\\\/www.elbcity-recycling.de\\\/wp-content\\\/uploads\\\/2020\\\/08\\\/shutterstock_332364497-scaled.jpg\",\"width\":2560,\"height\":1707},{\"@type\":\"BreadcrumbList\",\"@id\":\"https:\\\/\\\/www.elbcity-recycling.de\\\/?page_id=1470#breadcrumb\",\"itemListElement\":[{\"@type\":\"ListItem\",\"position\":1,\"name\":\"Startseite\",\"item\":\"https:\\\/\\\/www.elbcity-recycling.de\\\/\"},{\"@type\":\"ListItem\",\"position\":2,\"name\":\"Warum das ?\"}]},{\"@type\":\"WebSite\",\"@id\":\"https:\\\/\\\/www.elbcity-recycling.de\\\/#website\",\"url\":\"https:\\\/\\\/www.elbcity-recycling.de\\\/\",\"name\":\"Elbcity Recycling\",\"description\":\"\",\"publisher\":{\"@id\":\"https:\\\/\\\/www.elbcity-recycling.de\\\/#organization\"},\"potentialAction\":[{\"@type\":\"SearchAction\",\"target\":{\"@type\":\"EntryPoint\",\"urlTemplate\":\"https:\\\/\\\/www.elbcity-recycling.de\\\/?s={search_term_string}\"},\"query-input\":{\"@type\":\"PropertyValueSpecification\",\"valueRequired\":true,\"valueName\":\"search_term_string\"}}],\"inLanguage\":\"de\"},{\"@type\":\"Organization\",\"@id\":\"https:\\\/\\\/www.elbcity-recycling.de\\\/#organization\",\"name\":\"ElbCity Recycling by Sven Hoffmann\",\"url\":\"https:\\\/\\\/www.elbcity-recycling.de\\\/\",\"logo\":{\"@type\":\"ImageObject\",\"inLanguage\":\"de\",\"@id\":\"https:\\\/\\\/www.elbcity-recycling.de\\\/#\\\/schema\\\/logo\\\/image\\\/\",\"url\":\"https:\\\/\\\/www.elbcity-recycling.de\\\/wp-content\\\/uploads\\\/2020\\\/08\\\/logo_elbcity_recycling_quer_klein-1.png\",\"contentUrl\":\"https:\\\/\\\/www.elbcity-recycling.de\\\/wp-content\\\/uploads\\\/2020\\\/08\\\/logo_elbcity_recycling_quer_klein-1.png\",\"width\":604,\"height\":162,\"caption\":\"ElbCity Recycling by Sven Hoffmann\"},\"image\":{\"@id\":\"https:\\\/\\\/www.elbcity-recycling.de\\\/#\\\/schema\\\/logo\\\/image\\\/\"},\"sameAs\":[\"https:\\\/\\\/www.facebook.com\\\/ElbCityRecycling\"]}]}<\/script>\n<!-- \/ Yoast SEO plugin. -->","yoast_head_json":{"title":"Warum das ? - Elbcity Recycling GmbH","robots":{"index":"index","follow":"follow","max-snippet":"max-snippet:-1","max-image-preview":"max-image-preview:large","max-video-preview":"max-video-preview:-1"},"canonical":"https:\/\/www.elbcity-recycling.de\/?page_id=1470","og_locale":"de_DE","og_type":"article","og_title":"Warum das ? - Elbcity Recycling GmbH","og_description":"Wiederverwendung vor Zerst\u00f6rung In den letzten Jahrzehnten ist eine Wegwerfgesellschaft entstanden die ungeahnte Ausma\u00dfe angenommen hat. Dieses liegt nat\u00fcrlich am technischen Fortschritt. Monitor zu klein, PC zu langsam, Receiver veraltet, ...","og_url":"https:\/\/www.elbcity-recycling.de\/?page_id=1470","og_site_name":"Elbcity Recycling GmbH","article_publisher":"https:\/\/www.facebook.com\/ElbCityRecycling","article_modified_time":"2020-08-26T19:11:17+00:00","og_image":[{"width":2560,"height":1707,"url":"https:\/\/www.elbcity-recycling.de\/wp-content\/uploads\/2020\/08\/shutterstock_332364497-scaled.jpg","type":"image\/jpeg"}],"twitter_card":"summary_large_image","twitter_misc":{"Gesch\u00e4tzte Lesezeit":"1\u00a0Minute"},"schema":{"@context":"https:\/\/schema.org","@graph":[{"@type":"WebPage","@id":"https:\/\/www.elbcity-recycling.de\/?page_id=1470","url":"https:\/\/www.elbcity-recycling.de\/?page_id=1470","name":"Warum das ? - Elbcity Recycling GmbH","isPartOf":{"@id":"https:\/\/www.elbcity-recycling.de\/#website"},"primaryImageOfPage":{"@id":"https:\/\/www.elbcity-recycling.de\/?page_id=1470#primaryimage"},"image":{"@id":"https:\/\/www.elbcity-recycling.de\/?page_id=1470#primaryimage"},"thumbnailUrl":"https:\/\/www.elbcity-recycling.de\/wp-content\/uploads\/2020\/08\/shutterstock_332364497-scaled.jpg","datePublished":"2020-08-26T19:11:16+00:00","dateModified":"2020-08-26T19:11:17+00:00","breadcrumb":{"@id":"https:\/\/www.elbcity-recycling.de\/?page_id=1470#breadcrumb"},"inLanguage":"de","potentialAction":[{"@type":"ReadAction","target":["https:\/\/www.elbcity-recycling.de\/?page_id=1470"]}]},{"@type":"ImageObject","inLanguage":"de","@id":"https:\/\/www.elbcity-recycling.de\/?page_id=1470#primaryimage","url":"https:\/\/www.elbcity-recycling.de\/wp-content\/uploads\/2020\/08\/shutterstock_332364497-scaled.jpg","contentUrl":"https:\/\/www.elbcity-recycling.de\/wp-content\/uploads\/2020\/08\/shutterstock_332364497-scaled.jpg","width":2560,"height":1707},{"@type":"BreadcrumbList","@id":"https:\/\/www.elbcity-recycling.de\/?page_id=1470#breadcrumb","itemListElement":[{"@type":"ListItem","position":1,"name":"Startseite","item":"https:\/\/www.elbcity-recycling.de\/"},{"@type":"ListItem","position":2,"name":"Warum das ?"}]},{"@type":"WebSite","@id":"https:\/\/www.elbcity-recycling.de\/#website","url":"https:\/\/www.elbcity-recycling.de\/","name":"Elbcity Recycling","description":"","publisher":{"@id":"https:\/\/www.elbcity-recycling.de\/#organization"},"potentialAction":[{"@type":"SearchAction","target":{"@type":"EntryPoint","urlTemplate":"https:\/\/www.elbcity-recycling.de\/?s={search_term_string}"},"query-input":{"@type":"PropertyValueSpecification","valueRequired":true,"valueName":"search_term_string"}}],"inLanguage":"de"},{"@type":"Organization","@id":"https:\/\/www.elbcity-recycling.de\/#organization","name":"ElbCity Recycling by Sven Hoffmann","url":"https:\/\/www.elbcity-recycling.de\/","logo":{"@type":"ImageObject","inLanguage":"de","@id":"https:\/\/www.elbcity-recycling.de\/#\/schema\/logo\/image\/","url":"https:\/\/www.elbcity-recycling.de\/wp-content\/uploads\/2020\/08\/logo_elbcity_recycling_quer_klein-1.png","contentUrl":"https:\/\/www.elbcity-recycling.de\/wp-content\/uploads\/2020\/08\/logo_elbcity_recycling_quer_klein-1.png","width":604,"height":162,"caption":"ElbCity Recycling by Sven Hoffmann"},"image":{"@id":"https:\/\/www.elbcity-recycling.de\/#\/schema\/logo\/image\/"},"sameAs":["https:\/\/www.facebook.com\/ElbCityRecycling"]}]}},"_links":{"self":[{"href":"https:\/\/www.elbcity-recycling.de\/index.php?rest_route=\/wp\/v2\/pages\/1470","targetHints":{"allow":["GET"]}}],"collection":[{"href":"https:\/\/www.elbcity-recycling.de\/index.php?rest_route=\/wp\/v2\/pages"}],"about":[{"href":"https:\/\/www.elbcity-recycling.de\/index.php?rest_route=\/wp\/v2\/types\/page"}],"author":[{"embeddable":true,"href":"https:\/\/www.elbcity-recycling.de\/index.php?rest_route=\/wp\/v2\/users\/1"}],"replies":[{"embeddable":true,"href":"https:\/\/www.elbcity-recycling.de\/index.php?rest_route=%2Fwp%2Fv2%2Fcomments&post=1470"}],"version-history":[{"count":1,"href":"https:\/\/www.elbcity-recycling.de\/index.php?rest_route=\/wp\/v2\/pages\/1470\/revisions"}],"predecessor-version":[{"id":1471,"href":"https:\/\/www.elbcity-recycling.de\/index.php?rest_route=\/wp\/v2\/pages\/1470\/revisions\/1471"}],"wp:featuredmedia":[{"embeddable":true,"href":"https:\/\/www.elbcity-recycling.de\/index.php?rest_route=\/wp\/v2\/media\/1452"}],"wp:attachment":[{"href":"https:\/\/www.elbcity-recycling.de\/index.php?rest_route=%2Fwp%2Fv2%2Fmedia&parent=1470"}],"curies":[{"name":"wp","href":"https:\/\/api.w.org\/{rel}","templated":true}]}}