{"id":1468,"date":"2020-08-26T19:10:02","date_gmt":"2020-08-26T19:10:02","guid":{"rendered":"http:\/\/neu.elbcity-recycling.de\/?page_id=1468"},"modified":"2020-08-26T19:10:03","modified_gmt":"2020-08-26T19:10:03","slug":"ueber-uns","status":"publish","type":"page","link":"https:\/\/www.elbcity-recycling.de\/?page_id=1468","title":{"rendered":"\u00dcber uns"},"content":{"rendered":"\n<p><strong>Was oder wer ist die ElbCity Recycling?<\/strong><\/p>\n\n\n\n<p>Sven Hoffmann ist jetzt seit gut 20 Jahren im Recycling t\u00e4tig und ist Ihr kompetenter Ansprechpartner f\u00fcr Recycling und Rohstoffverwertung. Er hat viele Verfahren kennengelernt wie die Rohstoffr\u00fcckgewinnung funktioniert, <\/p>\n\n\n\n<p>Keine R\u00fcckgewinnungsmethode bringt einen Rohstoff zu 100% zur\u00fcck. Daher steht die Wiederverwendung (Reusing) von Ger\u00e4ten, Bauteilen oder auch anderen Materialien bei uns an vorderster Stelle. Eine R\u00fcckf\u00fchrung in den Wirtschaftskreislauf schont somit die Umwelt und Ressourcen. <\/p>\n\n\n\n<p>Auch wir k\u00f6nnen nicht hexen, aber wir versuchen es!  <\/p>\n\n\n\n<p>Sollte eine Wiederverwendung nicht m\u00f6glich sein, so erfolgt eine sachgerechete Entsorgung durch uns. <\/p>\n\n\n\n<p>Auch f\u00fcr unsere Kunden halten wir den Dienstleistungsgrad sehr hoch, z.B. \u00fcbernehmen wir die Sortierung gemischter Leiterplatten oder elektronischer Bauteile um eine Gewinnmaximierung zu erzielen. <\/p>\n\n\n\n<p>Aus all genannten Gr\u00fcnden hat Sven Hoffmann sich entschlossen &#8222;ElbCity Recycling&#8220; zu gr\u00fcnden um Wiederverwendung, Verwertung und Entsorgung unter einem Dach zu vereinen. Der Vorteil f\u00fcr den Kunden ist es, f\u00fcr alle Verwertungs- und Entsorgungsfragen einen kompeten Ansprechpartner zu haben. <\/p>\n\n\n\n<p>Wir freuen uns diesen Service f\u00fcr Sie anbieten zu k\u00f6nnen. <\/p>\n","protected":false},"excerpt":{"rendered":"<p>Was oder wer ist die ElbCity Recycling? Sven Hoffmann ist jetzt seit gut 20 Jahren im Recycling t\u00e4tig und ist Ihr kompetenter Ansprechpartner f\u00fcr Recycling und Rohstoffverwertung. Er hat viele &#8230;<\/p>\n","protected":false},"author":1,"featured_media":1444,"parent":0,"menu_order":0,"comment_status":"closed","ping_status":"closed","template":"","meta":{"footnotes":""},"class_list":["post-1468","page","type-page","status-publish","has-post-thumbnail","hentry"],"yoast_head":"<!-- This site is optimized with the Yoast SEO plugin v27.5 - https:\/\/yoast.com\/product\/yoast-seo-wordpress\/ -->\n<title>\u00dcber uns - Elbcity Recycling GmbH<\/title>\n<meta name=\"robots\" content=\"index, follow, max-snippet:-1, max-image-preview:large, max-video-preview:-1\" \/>\n<link rel=\"canonical\" href=\"https:\/\/www.elbcity-recycling.de\/?page_id=1468\" \/>\n<meta property=\"og:locale\" content=\"de_DE\" \/>\n<meta property=\"og:type\" content=\"article\" \/>\n<meta property=\"og:title\" content=\"\u00dcber uns - Elbcity Recycling GmbH\" \/>\n<meta property=\"og:description\" content=\"Was oder wer ist die ElbCity Recycling? Sven Hoffmann ist jetzt seit gut 20 Jahren im Recycling t\u00e4tig und ist Ihr kompetenter Ansprechpartner f\u00fcr Recycling und Rohstoffverwertung. Er hat viele ...\" \/>\n<meta property=\"og:url\" content=\"https:\/\/www.elbcity-recycling.de\/?page_id=1468\" \/>\n<meta property=\"og:site_name\" content=\"Elbcity Recycling GmbH\" \/>\n<meta property=\"article:publisher\" content=\"https:\/\/www.facebook.com\/ElbCityRecycling\" \/>\n<meta property=\"article:modified_time\" content=\"2020-08-26T19:10:03+00:00\" \/>\n<meta property=\"og:image\" content=\"https:\/\/www.elbcity-recycling.de\/wp-content\/uploads\/2020\/08\/87996503_117769213144545_3052148715683840000_o-1024x768-1.jpg\" \/>\n\t<meta property=\"og:image:width\" content=\"1024\" \/>\n\t<meta property=\"og:image:height\" content=\"768\" \/>\n\t<meta property=\"og:image:type\" content=\"image\/jpeg\" \/>\n<meta name=\"twitter:card\" content=\"summary_large_image\" \/>\n<meta name=\"twitter:label1\" content=\"Gesch\u00e4tzte Lesezeit\" \/>\n\t<meta name=\"twitter:data1\" content=\"1\u00a0Minute\" \/>\n<script type=\"application\/ld+json\" class=\"yoast-schema-graph\">{\"@context\":\"https:\\\/\\\/schema.org\",\"@graph\":[{\"@type\":\"WebPage\",\"@id\":\"https:\\\/\\\/www.elbcity-recycling.de\\\/?page_id=1468\",\"url\":\"https:\\\/\\\/www.elbcity-recycling.de\\\/?page_id=1468\",\"name\":\"\u00dcber uns - Elbcity Recycling GmbH\",\"isPartOf\":{\"@id\":\"https:\\\/\\\/www.elbcity-recycling.de\\\/#website\"},\"primaryImageOfPage\":{\"@id\":\"https:\\\/\\\/www.elbcity-recycling.de\\\/?page_id=1468#primaryimage\"},\"image\":{\"@id\":\"https:\\\/\\\/www.elbcity-recycling.de\\\/?page_id=1468#primaryimage\"},\"thumbnailUrl\":\"https:\\\/\\\/www.elbcity-recycling.de\\\/wp-content\\\/uploads\\\/2020\\\/08\\\/87996503_117769213144545_3052148715683840000_o-1024x768-1.jpg\",\"datePublished\":\"2020-08-26T19:10:02+00:00\",\"dateModified\":\"2020-08-26T19:10:03+00:00\",\"breadcrumb\":{\"@id\":\"https:\\\/\\\/www.elbcity-recycling.de\\\/?page_id=1468#breadcrumb\"},\"inLanguage\":\"de\",\"potentialAction\":[{\"@type\":\"ReadAction\",\"target\":[\"https:\\\/\\\/www.elbcity-recycling.de\\\/?page_id=1468\"]}]},{\"@type\":\"ImageObject\",\"inLanguage\":\"de\",\"@id\":\"https:\\\/\\\/www.elbcity-recycling.de\\\/?page_id=1468#primaryimage\",\"url\":\"https:\\\/\\\/www.elbcity-recycling.de\\\/wp-content\\\/uploads\\\/2020\\\/08\\\/87996503_117769213144545_3052148715683840000_o-1024x768-1.jpg\",\"contentUrl\":\"https:\\\/\\\/www.elbcity-recycling.de\\\/wp-content\\\/uploads\\\/2020\\\/08\\\/87996503_117769213144545_3052148715683840000_o-1024x768-1.jpg\",\"width\":1024,\"height\":768},{\"@type\":\"BreadcrumbList\",\"@id\":\"https:\\\/\\\/www.elbcity-recycling.de\\\/?page_id=1468#breadcrumb\",\"itemListElement\":[{\"@type\":\"ListItem\",\"position\":1,\"name\":\"Startseite\",\"item\":\"https:\\\/\\\/www.elbcity-recycling.de\\\/\"},{\"@type\":\"ListItem\",\"position\":2,\"name\":\"\u00dcber uns\"}]},{\"@type\":\"WebSite\",\"@id\":\"https:\\\/\\\/www.elbcity-recycling.de\\\/#website\",\"url\":\"https:\\\/\\\/www.elbcity-recycling.de\\\/\",\"name\":\"Elbcity Recycling\",\"description\":\"\",\"publisher\":{\"@id\":\"https:\\\/\\\/www.elbcity-recycling.de\\\/#organization\"},\"potentialAction\":[{\"@type\":\"SearchAction\",\"target\":{\"@type\":\"EntryPoint\",\"urlTemplate\":\"https:\\\/\\\/www.elbcity-recycling.de\\\/?s={search_term_string}\"},\"query-input\":{\"@type\":\"PropertyValueSpecification\",\"valueRequired\":true,\"valueName\":\"search_term_string\"}}],\"inLanguage\":\"de\"},{\"@type\":\"Organization\",\"@id\":\"https:\\\/\\\/www.elbcity-recycling.de\\\/#organization\",\"name\":\"ElbCity Recycling by Sven Hoffmann\",\"url\":\"https:\\\/\\\/www.elbcity-recycling.de\\\/\",\"logo\":{\"@type\":\"ImageObject\",\"inLanguage\":\"de\",\"@id\":\"https:\\\/\\\/www.elbcity-recycling.de\\\/#\\\/schema\\\/logo\\\/image\\\/\",\"url\":\"https:\\\/\\\/www.elbcity-recycling.de\\\/wp-content\\\/uploads\\\/2020\\\/08\\\/logo_elbcity_recycling_quer_klein-1.png\",\"contentUrl\":\"https:\\\/\\\/www.elbcity-recycling.de\\\/wp-content\\\/uploads\\\/2020\\\/08\\\/logo_elbcity_recycling_quer_klein-1.png\",\"width\":604,\"height\":162,\"caption\":\"ElbCity Recycling by Sven Hoffmann\"},\"image\":{\"@id\":\"https:\\\/\\\/www.elbcity-recycling.de\\\/#\\\/schema\\\/logo\\\/image\\\/\"},\"sameAs\":[\"https:\\\/\\\/www.facebook.com\\\/ElbCityRecycling\"]}]}<\/script>\n<!-- \/ Yoast SEO plugin. -->","yoast_head_json":{"title":"\u00dcber uns - Elbcity Recycling GmbH","robots":{"index":"index","follow":"follow","max-snippet":"max-snippet:-1","max-image-preview":"max-image-preview:large","max-video-preview":"max-video-preview:-1"},"canonical":"https:\/\/www.elbcity-recycling.de\/?page_id=1468","og_locale":"de_DE","og_type":"article","og_title":"\u00dcber uns - Elbcity Recycling GmbH","og_description":"Was oder wer ist die ElbCity Recycling? Sven Hoffmann ist jetzt seit gut 20 Jahren im Recycling t\u00e4tig und ist Ihr kompetenter Ansprechpartner f\u00fcr Recycling und Rohstoffverwertung. Er hat viele ...","og_url":"https:\/\/www.elbcity-recycling.de\/?page_id=1468","og_site_name":"Elbcity Recycling GmbH","article_publisher":"https:\/\/www.facebook.com\/ElbCityRecycling","article_modified_time":"2020-08-26T19:10:03+00:00","og_image":[{"width":1024,"height":768,"url":"https:\/\/www.elbcity-recycling.de\/wp-content\/uploads\/2020\/08\/87996503_117769213144545_3052148715683840000_o-1024x768-1.jpg","type":"image\/jpeg"}],"twitter_card":"summary_large_image","twitter_misc":{"Gesch\u00e4tzte Lesezeit":"1\u00a0Minute"},"schema":{"@context":"https:\/\/schema.org","@graph":[{"@type":"WebPage","@id":"https:\/\/www.elbcity-recycling.de\/?page_id=1468","url":"https:\/\/www.elbcity-recycling.de\/?page_id=1468","name":"\u00dcber uns - Elbcity Recycling GmbH","isPartOf":{"@id":"https:\/\/www.elbcity-recycling.de\/#website"},"primaryImageOfPage":{"@id":"https:\/\/www.elbcity-recycling.de\/?page_id=1468#primaryimage"},"image":{"@id":"https:\/\/www.elbcity-recycling.de\/?page_id=1468#primaryimage"},"thumbnailUrl":"https:\/\/www.elbcity-recycling.de\/wp-content\/uploads\/2020\/08\/87996503_117769213144545_3052148715683840000_o-1024x768-1.jpg","datePublished":"2020-08-26T19:10:02+00:00","dateModified":"2020-08-26T19:10:03+00:00","breadcrumb":{"@id":"https:\/\/www.elbcity-recycling.de\/?page_id=1468#breadcrumb"},"inLanguage":"de","potentialAction":[{"@type":"ReadAction","target":["https:\/\/www.elbcity-recycling.de\/?page_id=1468"]}]},{"@type":"ImageObject","inLanguage":"de","@id":"https:\/\/www.elbcity-recycling.de\/?page_id=1468#primaryimage","url":"https:\/\/www.elbcity-recycling.de\/wp-content\/uploads\/2020\/08\/87996503_117769213144545_3052148715683840000_o-1024x768-1.jpg","contentUrl":"https:\/\/www.elbcity-recycling.de\/wp-content\/uploads\/2020\/08\/87996503_117769213144545_3052148715683840000_o-1024x768-1.jpg","width":1024,"height":768},{"@type":"BreadcrumbList","@id":"https:\/\/www.elbcity-recycling.de\/?page_id=1468#breadcrumb","itemListElement":[{"@type":"ListItem","position":1,"name":"Startseite","item":"https:\/\/www.elbcity-recycling.de\/"},{"@type":"ListItem","position":2,"name":"\u00dcber uns"}]},{"@type":"WebSite","@id":"https:\/\/www.elbcity-recycling.de\/#website","url":"https:\/\/www.elbcity-recycling.de\/","name":"Elbcity Recycling","description":"","publisher":{"@id":"https:\/\/www.elbcity-recycling.de\/#organization"},"potentialAction":[{"@type":"SearchAction","target":{"@type":"EntryPoint","urlTemplate":"https:\/\/www.elbcity-recycling.de\/?s={search_term_string}"},"query-input":{"@type":"PropertyValueSpecification","valueRequired":true,"valueName":"search_term_string"}}],"inLanguage":"de"},{"@type":"Organization","@id":"https:\/\/www.elbcity-recycling.de\/#organization","name":"ElbCity Recycling by Sven Hoffmann","url":"https:\/\/www.elbcity-recycling.de\/","logo":{"@type":"ImageObject","inLanguage":"de","@id":"https:\/\/www.elbcity-recycling.de\/#\/schema\/logo\/image\/","url":"https:\/\/www.elbcity-recycling.de\/wp-content\/uploads\/2020\/08\/logo_elbcity_recycling_quer_klein-1.png","contentUrl":"https:\/\/www.elbcity-recycling.de\/wp-content\/uploads\/2020\/08\/logo_elbcity_recycling_quer_klein-1.png","width":604,"height":162,"caption":"ElbCity Recycling by Sven Hoffmann"},"image":{"@id":"https:\/\/www.elbcity-recycling.de\/#\/schema\/logo\/image\/"},"sameAs":["https:\/\/www.facebook.com\/ElbCityRecycling"]}]}},"_links":{"self":[{"href":"https:\/\/www.elbcity-recycling.de\/index.php?rest_route=\/wp\/v2\/pages\/1468","targetHints":{"allow":["GET"]}}],"collection":[{"href":"https:\/\/www.elbcity-recycling.de\/index.php?rest_route=\/wp\/v2\/pages"}],"about":[{"href":"https:\/\/www.elbcity-recycling.de\/index.php?rest_route=\/wp\/v2\/types\/page"}],"author":[{"embeddable":true,"href":"https:\/\/www.elbcity-recycling.de\/index.php?rest_route=\/wp\/v2\/users\/1"}],"replies":[{"embeddable":true,"href":"https:\/\/www.elbcity-recycling.de\/index.php?rest_route=%2Fwp%2Fv2%2Fcomments&post=1468"}],"version-history":[{"count":1,"href":"https:\/\/www.elbcity-recycling.de\/index.php?rest_route=\/wp\/v2\/pages\/1468\/revisions"}],"predecessor-version":[{"id":1469,"href":"https:\/\/www.elbcity-recycling.de\/index.php?rest_route=\/wp\/v2\/pages\/1468\/revisions\/1469"}],"wp:featuredmedia":[{"embeddable":true,"href":"https:\/\/www.elbcity-recycling.de\/index.php?rest_route=\/wp\/v2\/media\/1444"}],"wp:attachment":[{"href":"https:\/\/www.elbcity-recycling.de\/index.php?rest_route=%2Fwp%2Fv2%2Fmedia&parent=1468"}],"curies":[{"name":"wp","href":"https:\/\/api.w.org\/{rel}","templated":true}]}}